{"id":389,"date":"2015-06-26T00:37:43","date_gmt":"2015-06-26T00:37:43","guid":{"rendered":"http:\/\/www.compeb.org.mx\/?page_id=389"},"modified":"2015-07-08T22:57:07","modified_gmt":"2015-07-08T22:57:07","slug":"reunion-compeb-2015","status":"publish","type":"page","link":"http:\/\/www.compeb.org.mx\/?page_id=389","title":{"rendered":"Reuni\u00f3n COMPEB 2015"},"content":{"rendered":"<ul>\n<li><strong><a href=\"http:\/\/www.compeb.org.mx\/wp-content\/uploads\/2015\/01\/Orden-del-dia_-programa-2015.pdf\">Descargar Orden del d\u00eda y Programa 2015<\/a><\/strong><\/li>\n<li><strong><a href=\"http:\/\/www.compeb.org.mx\/wp-content\/uploads\/2015\/06\/Tematicas-certificacion.pdf\">Tem\u00e1ticas certificaci\u00f3n<\/a><\/strong><\/li>\n<li><strong><a href=\"http:\/\/www.compeb.org.mx\/wp-content\/uploads\/2015\/06\/asistentes-2015.pdf\">Asistentes 2015<\/a><\/strong><\/li>\n<\/ul>\n<div class=\"page\" title=\"Page 1\">\n<div class=\"layoutArea\">\n<div class=\"column\">\n<p><span style=\"font-weight: bold;\">Reuni\u00f3n Nacional Ordinaria 2015. <\/span><\/p>\n<p><span style=\"font-weight: bold;\">Huixquilucan, Estado de M\u00e9xico 26 \u2013 27 de junio <\/span><\/p>\n<p><span style=\"font-weight: bold;\">ORDEN DEL DIA.. <\/span><\/p>\n<ol>\n<li>Inauguraci\u00f3n.<\/li>\n<li>ListadeAsistencia.<\/li>\n<li>Instalaci\u00f3ndelaAsambleaGeneral.<\/li>\n<li>LecturayAprobaci\u00f3ndelOrdendeld\u00eda.<\/li>\n<li>LecturadelaMinutadelareuni\u00f3nanterior.<\/li>\n<li>InformedelPresidentedelCOMPEB,A.C.<\/li>\n<li>Procesos de Acreditaci\u00f3n y Reacreditaci\u00f3n de los Programas de las Ciencias Biol\u00f3gicas.<\/li>\n<li>Certificaci\u00f3ndeegresadosporelCACEB,A.C.<\/li>\n<li>Certificaci\u00f3ndeprofesoresporelCOMPEB,A.C.<\/li>\n<li>Competencias y Perfil de egreso de los planes de estudio en Ciencias Biol\u00f3gicas.<\/li>\n<li>Elecci\u00f3n de nueva mesa directiva.<\/li>\n<li>Sede de la pr\u00f3xima reuni\u00f3n.<\/li>\n<li>Asuntos Generales.<\/li>\n<li>Clausura.<\/li>\n<\/ol>\n<p>&nbsp;<\/p>\n<div class=\"page\" title=\"Page 2\">\n<div class=\"layoutArea\">\n<div class=\"column\">\n<p><span style=\"font-weight: bold;\">Programa de Trabajo<\/span><\/p>\n<p><img loading=\"lazy\" decoding=\"async\" class=\"alignnone wp-image-395 \" src=\"http:\/\/www.compeb.org.mx\/wp-content\/uploads\/2015\/06\/programa_2015.jpg\" alt=\"programa_2015\" width=\"879\" height=\"802\" srcset=\"http:\/\/www.compeb.org.mx\/wp-content\/uploads\/2015\/06\/programa_2015.jpg 946w, http:\/\/www.compeb.org.mx\/wp-content\/uploads\/2015\/06\/programa_2015-300x273.jpg 300w\" sizes=\"auto, (max-width: 879px) 100vw, 879px\" \/><\/p>\n<\/div>\n<\/div>\n<\/div>\n<\/div>\n<\/div>\n<\/div>\n","protected":false},"excerpt":{"rendered":"<p>Descargar Orden del d\u00eda y Programa 2015 Tem\u00e1ticas certificaci\u00f3n Asistentes 2015 Reuni\u00f3n Nacional Ordinaria 2015. Huixquilucan, Estado de M\u00e9xico 26[&#8230;]<\/p>\n","protected":false},"author":1,"featured_media":0,"parent":0,"menu_order":0,"comment_status":"closed","ping_status":"closed","template":"","meta":{"footnotes":""},"class_list":["post-389","page","type-page","status-publish","hentry"],"_links":{"self":[{"href":"http:\/\/www.compeb.org.mx\/index.php?rest_route=\/wp\/v2\/pages\/389","targetHints":{"allow":["GET"]}}],"collection":[{"href":"http:\/\/www.compeb.org.mx\/index.php?rest_route=\/wp\/v2\/pages"}],"about":[{"href":"http:\/\/www.compeb.org.mx\/index.php?rest_route=\/wp\/v2\/types\/page"}],"author":[{"embeddable":true,"href":"http:\/\/www.compeb.org.mx\/index.php?rest_route=\/wp\/v2\/users\/1"}],"replies":[{"embeddable":true,"href":"http:\/\/www.compeb.org.mx\/index.php?rest_route=%2Fwp%2Fv2%2Fcomments&post=389"}],"version-history":[{"count":5,"href":"http:\/\/www.compeb.org.mx\/index.php?rest_route=\/wp\/v2\/pages\/389\/revisions"}],"predecessor-version":[{"id":400,"href":"http:\/\/www.compeb.org.mx\/index.php?rest_route=\/wp\/v2\/pages\/389\/revisions\/400"}],"wp:attachment":[{"href":"http:\/\/www.compeb.org.mx\/index.php?rest_route=%2Fwp%2Fv2%2Fmedia&parent=389"}],"curies":[{"name":"wp","href":"https:\/\/api.w.org\/{rel}","templated":true}]}}